{"id":25,"date":"2025-04-07T19:48:59","date_gmt":"2025-04-07T19:48:59","guid":{"rendered":"http:\/\/localhost\/kris\/?page_id=25"},"modified":"2025-04-13T07:51:38","modified_gmt":"2025-04-13T07:51:38","slug":"home","status":"publish","type":"page","link":"https:\/\/www.krisbusik.pl\/","title":{"rendered":"Home"},"content":{"rendered":"\n<div class=\"wp-block-cover alignfull is-light\" style=\"min-height:720px;aspect-ratio:unset;\"><span aria-hidden=\"true\" class=\"wp-block-cover__background has-background-dim-10 has-background-dim\"><\/span><img loading=\"lazy\" decoding=\"async\" width=\"1600\" height=\"840\" class=\"wp-block-cover__image-background wp-image-41\" alt=\"\" src=\"https:\/\/www.krisbusik.pl\/wp-content\/uploads\/2025\/04\/banner.jpg\" data-object-fit=\"cover\"\/><div class=\"wp-block-cover__inner-container is-layout-flow wp-block-cover-is-layout-flow\">\n<div class=\"wp-block-group alignwide is-layout-constrained wp-container-core-group-is-layout-4383d167 wp-block-group-is-layout-constrained\">\n<h1 class=\"wp-block-heading has-text-align-left has-white-color has-text-color\">Transport osobowy<br> na Podhalu<\/h1>\n\n\n\n<p class=\"has-white-color has-text-color\"><strong>Komfortowy Przew\u00f3z Busem 9-osobowym \u2013 Gdzie Chcesz, Kiedy Chcesz!<\/strong><\/p>\n<\/div>\n<\/div><\/div>\n\n\n\n<div class=\"wp-block-group alignfull has-ast-global-color-5-background-color has-background is-layout-constrained wp-container-core-group-is-layout-9cedb757 wp-block-group-is-layout-constrained\" style=\"padding-bottom:0px\">\n<div class=\"wp-block-columns are-vertically-aligned-top is-layout-flex wp-container-core-columns-is-layout-00723822 wp-block-columns-is-layout-flex\">\n<div class=\"wp-block-column is-vertically-aligned-top is-layout-flow wp-container-core-column-is-layout-6b73ce23 wp-block-column-is-layout-flow\">\n<figure class=\"wp-block-image size-large\"><img decoding=\"async\" src=\"https:\/\/www.krisbusik.pl\/wp-content\/themes\/astra\/inc\/assets\/images\/starter-content\/building.svg\" alt=\"\" class=\"wp-image-134\"\/><\/figure>\n\n\n\n<h3 class=\"wp-block-heading has-text-align-left\" style=\"margin-top:16px\">Punktualno\u015b\u0107<\/h3>\n\n\n\n<p class=\"has-text-align-left\">Zawsze na czas \u2013 bo Tw\u00f3j plan to dla mnie priorytet.<\/p>\n<\/div>\n\n\n\n<div class=\"wp-block-column is-vertically-aligned-top is-layout-flow wp-container-core-column-is-layout-6b73ce23 wp-block-column-is-layout-flow\">\n<figure class=\"wp-block-image size-large\"><img decoding=\"async\" src=\"https:\/\/www.krisbusik.pl\/wp-content\/themes\/astra\/inc\/assets\/images\/starter-content\/shopping-bag.svg\" alt=\"\" class=\"wp-image-135\"\/><\/figure>\n\n\n\n<h3 class=\"wp-block-heading has-text-align-left\" style=\"margin-top:16px\">Profesjonalizm<\/h3>\n\n\n\n<p class=\"has-text-align-left\">Do\u015bwiadczenie, kultura jazdy i pe\u0142ne zaanga\u017cowanie.<\/p>\n<\/div>\n\n\n\n<div class=\"wp-block-column is-vertically-aligned-top is-layout-flow wp-container-core-column-is-layout-6b73ce23 wp-block-column-is-layout-flow\">\n<figure class=\"wp-block-image size-large\"><img decoding=\"async\" src=\"https:\/\/www.krisbusik.pl\/wp-content\/themes\/astra\/inc\/assets\/images\/starter-content\/blog.svg\" alt=\"\" class=\"wp-image-136\"\/><\/figure>\n\n\n\n<h3 class=\"wp-block-heading has-text-align-left\" style=\"margin-top:16px\">Bezpiecze\u0144stwo<\/h3>\n\n\n\n<p class=\"has-text-align-left\">Spokojna podr\u00f3\u017c \u2013 bezpieczny bus i odpowiedzialny kierowca to podstawa.<\/p>\n<\/div>\n\n\n\n<div class=\"wp-block-column is-vertically-aligned-top is-layout-flow wp-container-core-column-is-layout-6b73ce23 wp-block-column-is-layout-flow\">\n<figure class=\"wp-block-image size-large\"><img decoding=\"async\" src=\"https:\/\/www.krisbusik.pl\/wp-content\/themes\/astra\/inc\/assets\/images\/starter-content\/portfolio.svg\" alt=\"\" class=\"wp-image-137\"\/><\/figure>\n\n\n\n<h3 class=\"wp-block-heading has-text-align-left\" style=\"margin-top:16px\">Niezawodno\u015b\u0107<\/h3>\n\n\n\n<p class=\"has-text-align-left\">Bez wzgl\u0119du na pogod\u0119 czy por\u0119 \u2013 mo\u017cesz na mnie liczy\u0107.<\/p>\n<\/div>\n<\/div>\n<\/div>\n\n\n\n<div class=\"wp-block-group alignfull is-layout-constrained wp-container-core-group-is-layout-45b0ac4f wp-block-group-is-layout-constrained\" id=\"services\" style=\"padding-top:144px;padding-bottom:0px\">\n<h2 class=\"wp-block-heading\">Oferta<\/h2>\n\n\n\n<div class=\"wp-block-columns is-layout-flex wp-container-core-columns-is-layout-60cbf9bb wp-block-columns-is-layout-flex\" style=\"margin-top:50px\">\n<div class=\"wp-block-column is-layout-flow wp-container-core-column-is-layout-6b73ce23 wp-block-column-is-layout-flow\">\n<figure class=\"wp-block-image size-full\"><img loading=\"lazy\" decoding=\"async\" width=\"480\" height=\"720\" src=\"https:\/\/www.krisbusik.pl\/wp-content\/uploads\/2025\/04\/party.jpg\" alt=\"\" class=\"wp-image-54\"\/><\/figure>\n\n\n\n<h3 class=\"wp-block-heading\" style=\"margin-top:16px\">Obs\u0142uga imprez<\/h3>\n\n\n\n<p>Organizujesz wesele, wiecz\u00f3r kawalerski, wyjazd integracyjny lub inn\u0105 imprez\u0119 okoliczno\u015bciow\u0105? Potrzebujesz transportu dla go\u015bci, zespo\u0142u muzycznego czy grupy znajomych? Dobrze trafi\u0142e\u015b!<\/p>\n<\/div>\n\n\n\n<div class=\"wp-block-column is-layout-flow wp-container-core-column-is-layout-6b73ce23 wp-block-column-is-layout-flow\">\n<figure class=\"wp-block-image size-full\"><img loading=\"lazy\" decoding=\"async\" width=\"480\" height=\"720\" src=\"https:\/\/www.krisbusik.pl\/wp-content\/uploads\/2025\/04\/Tatry2.jpg\" alt=\"\" class=\"wp-image-50\"\/><\/figure>\n\n\n\n<h3 class=\"wp-block-heading\" style=\"margin-top:16px\">Dla turyst\u00f3w i aktywnych<\/h3>\n\n\n\n<p>Planujesz wycieczk\u0119 w g\u00f3ry, relaks na termach? Zapewniam transport do popularnych atrakcji regionu \u2013 m.in. do Zakopanego, na Chodnik Bachledka, Bram\u0119 Gorce czy sp\u0142yw Dunajcem<\/p>\n<\/div>\n\n\n\n<div class=\"wp-block-column is-layout-flow wp-container-core-column-is-layout-6b73ce23 wp-block-column-is-layout-flow\">\n<figure class=\"wp-block-image size-full\"><img loading=\"lazy\" decoding=\"async\" width=\"480\" height=\"720\" src=\"https:\/\/www.krisbusik.pl\/wp-content\/uploads\/2025\/04\/ski.jpg\" alt=\"\" class=\"wp-image-53\"\/><\/figure>\n\n\n\n<h3 class=\"wp-block-heading\" style=\"margin-top:16px\">Transfer na stoki narciarskie<\/h3>\n\n\n\n<p>Zima w pe\u0142ni? Zawieziemy Ci\u0119 na stok!<br>Oferuj\u0119 transport dla narciarzy i snowboardzist\u00f3w \u2013 wygodnie, bez t\u0142oku, z miejscem na ca\u0142y sprz\u0119t. Dow\u00f3z pod same wyci\u0105gi: Zakopane, Bia\u0142ka, Bukowina, Jurg\u00f3w, Czorsztyn, a nawet S\u0142owacja.<br>Nie martw si\u0119 o parking, korki czy \u0142a\u0144cuchy \u2013 Ty wsiadasz, a ja zajmuj\u0119 si\u0119 reszt\u0105.<\/p>\n<\/div>\n<\/div>\n<\/div>\n\n\n\n<div class=\"wp-block-group alignfull has-ast-global-color-5-background-color has-background is-layout-constrained wp-container-core-group-is-layout-94d206d0 wp-block-group-is-layout-constrained\" id=\"about\" style=\"padding-top:143px;padding-bottom:144px\">\n<div class=\"wp-block-media-text has-media-on-the-right is-stacked-on-mobile is-vertically-aligned-center\" style=\"grid-template-columns:auto 33%\"><div class=\"wp-block-media-text__content\">\n<div class=\"inherit-container-width wp-block-group is-layout-constrained wp-container-core-group-is-layout-21c06ece wp-block-group-is-layout-constrained\" style=\"padding-right:0px\">\n<h2 class=\"wp-block-heading has-large-font-size\" style=\"padding-right:40px\">O przewozach \/ O mnie<\/h2>\n\n\n\n<p>Oferuj\u0119 przew\u00f3z komfortowym, 9-osobowym busem w dowolne miejsce, zgodnie z Twoimi potrzebami. Zapewniam elastyczno\u015b\u0107, punktualno\u015b\u0107 i atrakcyjne ceny. Bez wzgl\u0119du na to, czy planujesz g\u00f3rsk\u0105 w\u0119dr\u00f3wk\u0119, wypoczynek w termach, narciarsk\u0105 przygod\u0119, czy udzia\u0142 w imprezie rodzinnej \u2013 zawioz\u0119 Ci\u0119 tam, gdzie chcesz.<\/p>\n\n\n\n<p>Realizuj\u0119 m.in.:<\/p>\n\n\n\n<ul class=\"wp-block-list\">\n<li>przejazdy na szlaki turystyczne (np. Chodnik Bachledka, Brama Gorce),<\/li>\n\n\n\n<li>dowozy do Zakopanego i okolic,<\/li>\n\n\n\n<li>transport na sp\u0142yw Dunajcem,<\/li>\n\n\n\n<li>transfery z i na lotniska,<\/li>\n\n\n\n<li>obs\u0142ug\u0119 wesel, imprez okoliczno\u015bciowych i wydarze\u0144,<\/li>\n\n\n\n<li>przew\u00f3z zespo\u0142\u00f3w muzycznych i grup zorganizowanych.<\/li>\n<\/ul>\n\n\n\n<p>Postaw na wygod\u0119, bezpiecze\u0144stwo i indywidualne podej\u015bcie \u2013 skontaktuj si\u0119 i zaplanuj swoj\u0105 podr\u00f3\u017c ju\u017c dzi\u015b!<\/p>\n<\/div>\n<\/div><figure class=\"wp-block-media-text__media\"><img loading=\"lazy\" decoding=\"async\" width=\"1600\" height=\"1200\" src=\"https:\/\/www.krisbusik.pl\/wp-content\/uploads\/2025\/04\/banner2.jpg\" alt=\"\" class=\"wp-image-42 size-full\"\/><\/figure><\/div>\n<\/div>\n\n\n\n<div class=\"wp-block-group alignfull is-layout-constrained wp-container-core-group-is-layout-cdc89bc9 wp-block-group-is-layout-constrained\" id=\"contact\" style=\"padding-top:0;padding-bottom:0px\">\n<h2 class=\"wp-block-heading\">Kontakt<\/h2>\n\n\n\n<div class=\"wp-block-contact-form-7-contact-form-selector\">\n<div class=\"wpcf7 no-js\" id=\"wpcf7-f88-o1\" lang=\"pl-PL\" dir=\"ltr\" data-wpcf7-id=\"88\">\n<div class=\"screen-reader-response\"><p role=\"status\" aria-live=\"polite\" aria-atomic=\"true\"><\/p> <ul><\/ul><\/div>\n<form action=\"\/index.php\/wp-json\/wp\/v2\/pages\/25#wpcf7-f88-o1\" method=\"post\" class=\"wpcf7-form init\" aria-label=\"Formularz kontaktowy\" novalidate=\"novalidate\" data-status=\"init\">\n<div style=\"display: none;\">\n<input type=\"hidden\" name=\"_wpcf7\" value=\"88\" \/>\n<input type=\"hidden\" name=\"_wpcf7_version\" value=\"6.0.6\" \/>\n<input type=\"hidden\" name=\"_wpcf7_locale\" value=\"pl_PL\" \/>\n<input type=\"hidden\" name=\"_wpcf7_unit_tag\" value=\"wpcf7-f88-o1\" \/>\n<input type=\"hidden\" name=\"_wpcf7_container_post\" value=\"0\" \/>\n<input type=\"hidden\" name=\"_wpcf7_posted_data_hash\" value=\"\" \/>\n<input type=\"hidden\" name=\"_wpcf7_recaptcha_response\" value=\"\" \/>\n<\/div>\n<p><label> Tw\u00f3j adres e-mail<br \/>\n<span class=\"wpcf7-form-control-wrap\" data-name=\"your-email\"><input size=\"40\" maxlength=\"400\" class=\"wpcf7-form-control wpcf7-email wpcf7-validates-as-required wpcf7-text wpcf7-validates-as-email\" autocomplete=\"email\" aria-required=\"true\" aria-invalid=\"false\" value=\"\" type=\"email\" name=\"your-email\" \/><\/span> <\/label>\n<\/p>\n<p><label> Temat<br \/>\n<span class=\"wpcf7-form-control-wrap\" data-name=\"your-subject\"><input size=\"40\" maxlength=\"400\" class=\"wpcf7-form-control wpcf7-text wpcf7-validates-as-required\" aria-required=\"true\" aria-invalid=\"false\" value=\"\" type=\"text\" name=\"your-subject\" \/><\/span> <\/label>\n<\/p>\n<p><label> Wiadomo\u015b\u0107<br \/>\n<span class=\"wpcf7-form-control-wrap\" data-name=\"your-message\"><textarea cols=\"40\" rows=\"10\" maxlength=\"2000\" class=\"wpcf7-form-control wpcf7-textarea wpcf7-validates-as-required\" aria-required=\"true\" aria-invalid=\"false\" name=\"your-message\"><\/textarea><\/span> <\/label>\n<\/p>\n<p><input class=\"wpcf7-form-control wpcf7-submit has-spinner\" type=\"submit\" value=\"Wy\u015blij\" \/>\n<\/p><div class=\"wpcf7-response-output\" aria-hidden=\"true\"><\/div>\n<\/form>\n<\/div>\n<\/div>\n<\/div>\n\n\n\n<hr class=\"wp-block-separator has-alpha-channel-opacity is-style-wide\"\/>\n\n\n\n<div class=\"wp-block-group alignfull is-layout-constrained wp-container-core-group-is-layout-6c7d7ab5 wp-block-group-is-layout-constrained\" id=\"footer\" style=\"padding-top:0;padding-right:0;padding-bottom:0;padding-left:0\">\n<div class=\"wp-block-group is-nowrap is-layout-flex wp-container-core-group-is-layout-6c531013 wp-block-group-is-layout-flex\">\n<div class=\"wp-block-group wp-container-content-9cfa9a5a is-vertical is-layout-flex wp-container-core-group-is-layout-fe9cc265 wp-block-group-is-layout-flex\"><h1 class=\"wp-block-site-title has-medium-font-size\"><a href=\"https:\/\/www.krisbusik.pl\" target=\"_self\" rel=\"home\">Kris Busik<\/a><\/h1>\n\n\n<p class=\"wp-container-content-69bc4bdf\">Krzysztof Babiarz<br>+48 607 679 624<br><a href=\"mailto:krzysiekbabiarz77@gmail.com\">krzysiekbabiarz77@gmail.com<\/a><br>ul D\u0142uga 62,&nbsp;<br>Bukowina Tatrza\u0144ska<br><\/p>\n<\/div>\n<\/div>\n<\/div>\n\n\n\n<p><\/p>\n","protected":false},"excerpt":{"rendered":"<p>Punktualno\u015b\u0107 Zawsze na czas \u2013 bo Tw\u00f3j plan to dla mnie priorytet. Profesjonalizm Do\u015bwiadczenie, kultura jazdy i pe\u0142ne zaanga\u017cowanie. Bezpiecze\u0144stwo [&hellip;]<\/p>\n","protected":false},"author":1,"featured_media":0,"parent":0,"menu_order":0,"comment_status":"closed","ping_status":"closed","template":"","meta":{"site-sidebar-layout":"no-sidebar","site-content-layout":"plain-container","ast-site-content-layout":"default","site-content-style":"default","site-sidebar-style":"default","ast-global-header-display":"","ast-banner-title-visibility":"","ast-main-header-display":"","ast-hfb-above-header-display":"","ast-hfb-below-header-display":"","ast-hfb-mobile-header-display":"","site-post-title":"disabled","ast-breadcrumbs-content":"","ast-featured-img":"","footer-sml-layout":"","ast-disable-related-posts":"","theme-transparent-header-meta":"enabled","adv-header-id-meta":"","stick-header-meta":"","header-above-stick-meta":"","header-main-stick-meta":"","header-below-stick-meta":"","astra-migrate-meta-layouts":"default","ast-page-background-enabled":"default","ast-page-background-meta":{"desktop":{"background-color":"var(--ast-global-color-5)","background-image":"","background-repeat":"repeat","background-position":"center center","background-size":"auto","background-attachment":"scroll","background-type":"","background-media":"","overlay-type":"","overlay-color":"","overlay-opacity":"","overlay-gradient":""},"tablet":{"background-color":"","background-image":"","background-repeat":"repeat","background-position":"center center","background-size":"auto","background-attachment":"scroll","background-type":"","background-media":"","overlay-type":"","overlay-color":"","overlay-opacity":"","overlay-gradient":""},"mobile":{"background-color":"","background-image":"","background-repeat":"repeat","background-position":"center center","background-size":"auto","background-attachment":"scroll","background-type":"","background-media":"","overlay-type":"","overlay-color":"","overlay-opacity":"","overlay-gradient":""}},"ast-content-background-meta":{"desktop":{"background-color":"var(--ast-global-color-4)","background-image":"","background-repeat":"repeat","background-position":"center center","background-size":"auto","background-attachment":"scroll","background-type":"","background-media":"","overlay-type":"","overlay-color":"","overlay-opacity":"","overlay-gradient":""},"tablet":{"background-color":"var(--ast-global-color-4)","background-image":"","background-repeat":"repeat","background-position":"center center","background-size":"auto","background-attachment":"scroll","background-type":"","background-media":"","overlay-type":"","overlay-color":"","overlay-opacity":"","overlay-gradient":""},"mobile":{"background-color":"var(--ast-global-color-4)","background-image":"","background-repeat":"repeat","background-position":"center center","background-size":"auto","background-attachment":"scroll","background-type":"","background-media":"","overlay-type":"","overlay-color":"","overlay-opacity":"","overlay-gradient":""}},"footnotes":""},"class_list":["post-25","page","type-page","status-publish","hentry"],"_links":{"self":[{"href":"https:\/\/www.krisbusik.pl\/index.php\/wp-json\/wp\/v2\/pages\/25","targetHints":{"allow":["GET"]}}],"collection":[{"href":"https:\/\/www.krisbusik.pl\/index.php\/wp-json\/wp\/v2\/pages"}],"about":[{"href":"https:\/\/www.krisbusik.pl\/index.php\/wp-json\/wp\/v2\/types\/page"}],"author":[{"embeddable":true,"href":"https:\/\/www.krisbusik.pl\/index.php\/wp-json\/wp\/v2\/users\/1"}],"replies":[{"embeddable":true,"href":"https:\/\/www.krisbusik.pl\/index.php\/wp-json\/wp\/v2\/comments?post=25"}],"version-history":[{"count":37,"href":"https:\/\/www.krisbusik.pl\/index.php\/wp-json\/wp\/v2\/pages\/25\/revisions"}],"predecessor-version":[{"id":98,"href":"https:\/\/www.krisbusik.pl\/index.php\/wp-json\/wp\/v2\/pages\/25\/revisions\/98"}],"wp:attachment":[{"href":"https:\/\/www.krisbusik.pl\/index.php\/wp-json\/wp\/v2\/media?parent=25"}],"curies":[{"name":"wp","href":"https:\/\/api.w.org\/{rel}","templated":true}]}}